{"id":186,"date":"2019-12-11T18:27:57","date_gmt":"2019-12-11T17:27:57","guid":{"rendered":"https:\/\/szappanospince.hu\/?page_id=186"},"modified":"2019-12-20T12:31:15","modified_gmt":"2019-12-20T11:31:15","slug":"adatkezelesi-tajekoztato","status":"publish","type":"page","link":"https:\/\/szappanospince.hu\/en\/adatkezelesi-tajekoztato\/","title":{"rendered":"Privacy Policy"},"content":{"rendered":"\n<p>E t\u00e1j\u00e9koztat\u00f3ban fel nem sorolt adatkezel\u00e9sekr\u0151l az adat felv\u00e9telekor\n adunk t\u00e1j\u00e9koztat\u00e1st. T\u00e1j\u00e9koztatjuk \u00fcgyfeleinket, hogy a b\u00edr\u00f3s\u00e1g, az \n\u00fcgy\u00e9sz, a nyomoz\u00f3 hat\u00f3s\u00e1g, a szab\u00e1lys\u00e9rt\u00e9si hat\u00f3s\u00e1g, a k\u00f6zigazgat\u00e1si \nhat\u00f3s\u00e1g, a Nemzeti Adatv\u00e9delmi \u00e9s Inform\u00e1ci\u00f3szabads\u00e1g Hat\u00f3s\u00e1g, a Magyar \nNemzeti Bank, illet\u0151leg jogszab\u00e1ly felhatalmaz\u00e1sa alapj\u00e1n m\u00e1s szervek \nt\u00e1j\u00e9koztat\u00e1s ad\u00e1sa, adatok k\u00f6zl\u00e9se, \u00e1tad\u00e1sa, illet\u0151leg iratok \nrendelkez\u00e9sre bocs\u00e1t\u00e1sa v\u00e9gett megkereshetik az adatkezel\u0151t.<\/p>\n\n\n\n<h5 class=\"wp-block-heading\"><strong>Az Adatkezel\u0151 adatai:<\/strong><\/h5>\n\n\n\n<p><strong>Adatkezel\u0151 neve:<\/strong>  Szappanyos J\u00f3zsef <\/p>\n\n\n\n<p><strong>Ad\u00f3sz\u00e1m:<\/strong>  73052443-1-37 <\/p>\n\n\n\n<p><strong>Sz\u00e9khely:<\/strong>  7086,Ozora, \u00c1rp\u00e1d utca 47. <\/p>\n\n\n\n<p><strong>Weblapok:<\/strong> szappanospince.hu<\/p>\n\n\n\n<p>Telefon:  06 30 896 1045 <\/p>\n\n\n\n<p>E-mail: info@szappanospince.hu<\/p>\n\n\n\n<h5 class=\"wp-block-heading\"><strong>A v\u00e1llalkoz\u00e1s az al\u00e1bbi tev\u00e9kenys\u00e9geket v\u00e9gzi:<\/strong><\/h5>\n\n\n\n<p>Sz\u0151l\u0151termeszt\u00e9s, termel\u0151i borkim\u00e9r\u00e9s, falusi vend\u00e9gl\u00e1t\u00e1s, sz\u00e1ll\u00e1s szolg\u00e1ltat\u00e1s<\/p>\n\n\n\n<h5 class=\"wp-block-heading\"><strong>A c\u00e9g tev\u00e9kenys\u00e9gi k\u00f6reivel \u00f6sszef\u00fcgg\u00e9sben az al\u00e1bbi c\u00e9lb\u00f3l kezeli a szem\u00e9lyes adatokat: <\/strong><\/h5>\n\n\n\n<p>szolg\u00e1ltat\u00e1s teljes\u00edt\u00e9se, kapcsolattart\u00e1s, marketing<\/p>\n\n\n\n<p><strong>Adatkezel\u00e9s\u00fcnk jogalapja:<\/strong> V\u00e1llalkoz\u00e1sunk a  szem\u00e9lyes adatokat els\u0151sorban az \u00c9rintettel k\u00f6t\u00f6tt szerz\u0151d\u00e9s  teljes\u00edt\u00e9se, jogszab\u00e1lyi k\u00f6telezetts\u00e9g teljes\u00edt\u00e9se, illet\u0151leg  T\u00e1rsas\u00e1gunk, mint Adatkezel\u0151, vagy egy harmadik f\u00e9l jogos \u00e9rdek\u00e9nek  \u00e9rv\u00e9nyes\u00edt\u00e9se alapj\u00e1n kezeli. A felsoroltakon t\u00fal az adatkezel\u00e9s az  \u00c9rintett, vagy egy m\u00e1sik term\u00e9szetes szem\u00e9ly l\u00e9tfontoss\u00e1g\u00fa \u00e9rdekeinek  v\u00e9delme miatt sz\u00fcks\u00e9ges lehet, illetve az adatkezel\u00e9s alapulhat t\u00f6rv\u00e9nyi  k\u00f6telezetts\u00e9gen, illetve k\u00f6z\u00e9rdeken. Ritk\u00e1n el\u0151fordul hozz\u00e1j\u00e1rul\u00e1s  jogalap alkalmaz\u00e1sa is.<\/p>\n\n\n\n<p><strong>Adatkezel\u0151:<\/strong> aki d\u00f6nt az adatok kezel\u00e9se kapcs\u00e1n.<\/p>\n\n\n\n<p><strong>Adatfeldolgoz\u00f3: <\/strong>aki d\u00f6nt\u00e9st nem hozhat, tev\u00e9kenys\u00e9g\u00e9t az adatkezel\u0151 utas\u00edt\u00e1sai alapj\u00e1n v\u00e9gzi.<\/p>\n\n\n\n<h5 class=\"wp-block-heading\"><strong>T\u00e1j\u00e9koztatjuk, hogy \u00d6nt az al\u00e1bbi jogok illetik szem\u00e9lyes adatai kapcs\u00e1n:<\/strong><\/h5>\n\n\n\n<ul class=\"wp-block-list\"><li><strong>hozz\u00e1f\u00e9r\u00e9si jog<\/strong> (adatok megismer\u00e9se, az a t\u00e9ny, hogy t\u00f6rt\u00e9nik-e adatkezel\u00e9s);<\/li><\/ul>\n\n\n\n<ul class=\"wp-block-list\"><li>amennyiben egy adat elavult vagy helytelen, ennek <strong>kiigaz\u00edt\u00e1sa<\/strong>;<\/li><\/ul>\n\n\n\n<ul class=\"wp-block-list\"><li><strong>t\u00f6rl\u00e9s <\/strong>(kiz\u00e1r\u00f3lag a hozz\u00e1j\u00e1rul\u00e1son alapul\u00f3 adatkezel\u00e9s eset\u00e9n);<\/li><\/ul>\n\n\n\n<ul class=\"wp-block-list\"><li><strong>az adat kezel\u00e9s\u00e9nek korl\u00e1toz\u00e1sa<\/strong>;<\/li><\/ul>\n\n\n\n<ul class=\"wp-block-list\"><li><strong>a szem\u00e9lyes adatok direkt marketing c\u00e9lokra val\u00f3 haszn\u00e1lat\u00e1nak megtilt\u00e1sa<\/strong>;<\/li><li><strong>szem\u00e9lyes adatainak harmadik szem\u00e9ly szolg\u00e1ltat\u00f3 sz\u00e1m\u00e1ra t\u00f6rt\u00e9n\u0151 \u00e1tad\u00e1sa, vagy ennek megtilt\u00e1sa<\/strong>;<\/li><li>b\u00e1rmely az adatkezel\u0151 \u00e1ltal kezelt szem\u00e9lyes adatr\u00f3l m\u00e1solat k\u00e9r\u00e9se; vagy \u00fan. <strong>adathordozhat\u00f3s\u00e1ghoz val\u00f3 jog<\/strong><\/li><li><strong>tiltakoz\u00e1s a szem\u00e9lyes adat haszn\u00e1lata ellen<\/strong>.<\/li><\/ul>\n\n\n\n<h5 class=\"wp-block-heading\"><strong>Adatok \u0151rz\u00e9si ideje:<\/strong><\/h5>\n\n\n\n<p>A sz\u00e1ml\u00e1kat jogi k\u00f6telezetts\u00e9g miatt legal\u00e1bb 8 \u00e9vig meg\u0151rizz\u00fck. A \nsz\u00e1mlaki\u00e1ll\u00edt\u00e1s alapj\u00e1ul szolg\u00e1l\u00f3 iratok meg\u0151rz\u00e9si ideje 8 \u00e9v.<\/p>\n\n\n\n<p>A munkaviszony alapj\u00e1ul szolg\u00e1l\u00f3 iratok meg\u0151rz\u00e9si ideje: 50 \u00e9v.<\/p>\n\n\n\n<p>A kapcsolattart\u00e1s c\u00e9lj\u00e1b\u00f3l megadott adatok meg\u0151rz\u00e9si ideje a kapcsolat megsz\u0171n\u00e9s\u00e9t k\u00f6vet\u0151 1 \u00e9v.<\/p>\n\n\n\n<p>Szerz\u0151d\u00e9s teljes\u00edt\u00e9s\u00e9hez kapcsol\u00f3d\u00f3 adatok meg\u0151rz\u00e9se: 5 \u00e9v<\/p>\n\n\n\n<p>A web oldal l\u00e1togat\u00e1sa sor\u00e1n a cookiek kapcs\u00e1n adat\u0151rz\u00e9si id\u0151: a \ncookie-knak a lej\u00e1rati ideje v\u00e1ltoz\u00f3, de jellemz\u0151en addig vannak jelen a\n Felhaszn\u00e1l\u00f3 eszk\u00f6z\u00e9n, ameddig azokat a Felhaszn\u00e1l\u00f3 nem t\u00f6rli.<\/p>\n\n\n\n<h5 class=\"wp-block-heading\"><strong>Jogorvoslati lehet\u0151s\u00e9g<\/strong><\/h5>\n\n\n\n<p>Keresse fel c\u00e9g\u00fcnket szem\u00e9lyes adataival kapcsolatos probl\u00e9m\u00e1ja eset\u00e9n, \u00e9ljen panasz\u00e1val a fent megadott el\u00e9rhet\u0151s\u00e9geinken.<\/p>\n\n\n\n<p><strong>Nemzeti Adatv\u00e9delmi \u00e9s Inform\u00e1ci\u00f3szabads\u00e1g Hat\u00f3s\u00e1g<\/strong> a szem\u00e9lyes adatok  s\u00e9rt\u00e9s\u00e9vel, biztons\u00e1g\u00e1val foglalkoz\u00f3 hat\u00f3s\u00e1g(tov\u00e1bbiakban: <strong>NAIH<\/strong>, c\u00edme:  1125 Budapest, Szil\u00e1gyi Erzs\u00e9bet fasor 22\/C, e-mail c\u00edme:  ugyfelszolgalat@naih.hu). Az \u00e9rintett panaszt ny\u00fajthat be a NAIH-hoz  amennyiben \u00e1ll\u00e1spontja szerint a r\u00e1 vonatkoz\u00f3 szem\u00e9lyes adat kezel\u00e9s nem  felel meg a jogszab\u00e1lyi k\u00f6telezetts\u00e9geknek.<\/p>\n\n\n\n<p><strong>Weblap:<\/strong> <a href=\"https:\/\/naih.hu\/\">https:\/\/naih.hu\/<\/a><\/p>\n\n\n\n<p><strong>Panaszbejelent\u00e9s online:<\/strong> <a href=\"https:\/\/naih.hu\/online-uegyinditas.html\">https:\/\/naih.hu\/online-uegyinditas.html<\/a><\/p>\n","protected":false},"excerpt":{"rendered":"<p>E t\u00e1j\u00e9koztat\u00f3ban fel nem sorolt adatkezel\u00e9sekr\u0151l az adat felv\u00e9telekor adunk t\u00e1j\u00e9koztat\u00e1st. T\u00e1j\u00e9koztatjuk \u00fcgyfeleinket, hogy a b\u00edr\u00f3s\u00e1g, az \u00fcgy\u00e9sz, a nyomoz\u00f3 hat\u00f3s\u00e1g, a szab\u00e1lys\u00e9rt\u00e9si hat\u00f3s\u00e1g, a&hellip;<\/p>\n","protected":false},"author":1,"featured_media":0,"parent":0,"menu_order":0,"comment_status":"closed","ping_status":"closed","template":"","meta":{"footnotes":""},"class_list":["post-186","page","type-page","status-publish","hentry"],"yoast_head":"<!-- This site is optimized with the Yoast SEO plugin v24.5 - https:\/\/yoast.com\/wordpress\/plugins\/seo\/ -->\n<title>Privacy Policy - Szappanos Winery<\/title>\n<meta name=\"robots\" content=\"index, follow, max-snippet:-1, max-image-preview:large, max-video-preview:-1\" \/>\n<link rel=\"canonical\" href=\"https:\/\/szappanospince.hu\/en\/adatkezelesi-tajekoztato\/\" \/>\n<meta property=\"og:locale\" content=\"en_GB\" \/>\n<meta property=\"og:locale:alternate\" content=\"hu_HU\" \/>\n<meta property=\"og:type\" content=\"article\" \/>\n<meta property=\"og:title\" content=\"Privacy Policy\" \/>\n<meta property=\"og:description\" content=\"E t\u00e1j\u00e9koztat\u00f3ban fel nem sorolt adatkezel\u00e9sekr\u0151l az adat felv\u00e9telekor adunk t\u00e1j\u00e9koztat\u00e1st. T\u00e1j\u00e9koztatjuk \u00fcgyfeleinket, hogy a b\u00edr\u00f3s\u00e1g, az \u00fcgy\u00e9sz, a nyomoz\u00f3 hat\u00f3s\u00e1g, a szab\u00e1lys\u00e9rt\u00e9si hat\u00f3s\u00e1g, a&hellip;\" \/>\n<meta property=\"og:url\" content=\"https:\/\/szappanospince.hu\/en\/adatkezelesi-tajekoztato\/\" \/>\n<meta property=\"og:site_name\" content=\"Szappanos Winery\" \/>\n<meta property=\"article:modified_time\" content=\"2019-12-20T11:31:15+00:00\" \/>\n<meta name=\"twitter:card\" content=\"summary_large_image\" \/>\n<meta name=\"twitter:label1\" content=\"Estimated reading time\" \/>\n\t<meta name=\"twitter:data1\" content=\"7 minutes\" \/>\n<script type=\"application\/ld+json\" class=\"yoast-schema-graph\">{\"@context\":\"https:\/\/schema.org\",\"@graph\":[{\"@type\":\"WebPage\",\"@id\":\"https:\/\/szappanospince.hu\/adatkezelesi-tajekoztato\/\",\"url\":\"https:\/\/szappanospince.hu\/adatkezelesi-tajekoztato\/\",\"name\":\"Privacy Policy\",\"isPartOf\":{\"@id\":\"https:\/\/szappanospince.hu\/#website\"},\"datePublished\":\"2019-12-11T17:27:57+00:00\",\"dateModified\":\"2019-12-20T11:31:15+00:00\",\"breadcrumb\":{\"@id\":\"https:\/\/szappanospince.hu\/adatkezelesi-tajekoztato\/#breadcrumb\"},\"inLanguage\":\"en-GB\",\"potentialAction\":[{\"@type\":\"ReadAction\",\"target\":[\"https:\/\/szappanospince.hu\/adatkezelesi-tajekoztato\/\"]}]},{\"@type\":\"BreadcrumbList\",\"@id\":\"https:\/\/szappanospince.hu\/adatkezelesi-tajekoztato\/#breadcrumb\",\"itemListElement\":[{\"@type\":\"ListItem\",\"position\":1,\"name\":\"Home\",\"item\":\"https:\/\/szappanospince.hu\/\"},{\"@type\":\"ListItem\",\"position\":2,\"name\":\"Adatkezel\u00e9si t\u00e1j\u00e9koztat\u00f3\"}]},{\"@type\":\"WebSite\",\"@id\":\"https:\/\/szappanospince.hu\/#website\",\"url\":\"https:\/\/szappanospince.hu\/\",\"name\":\"Szappanos Winery\",\"description\":\"In embrace of the mood and flavors\",\"publisher\":{\"@id\":\"https:\/\/szappanospince.hu\/#organization\"},\"potentialAction\":[{\"@type\":\"SearchAction\",\"target\":{\"@type\":\"EntryPoint\",\"urlTemplate\":\"https:\/\/szappanospince.hu\/?s={search_term_string}\"},\"query-input\":{\"@type\":\"PropertyValueSpecification\",\"valueRequired\":true,\"valueName\":\"search_term_string\"}}],\"inLanguage\":\"en-GB\"},{\"@type\":\"Organization\",\"@id\":\"https:\/\/szappanospince.hu\/#organization\",\"name\":\"Szappanos Winery\",\"url\":\"https:\/\/szappanospince.hu\/\",\"logo\":{\"@type\":\"ImageObject\",\"inLanguage\":\"en-GB\",\"@id\":\"https:\/\/szappanospince.hu\/#\/schema\/logo\/image\/\",\"url\":\"https:\/\/szappanospince.hu\/wp-content\/uploads\/2025\/02\/logo-uj-web.png\",\"contentUrl\":\"https:\/\/szappanospince.hu\/wp-content\/uploads\/2025\/02\/logo-uj-web.png\",\"width\":946,\"height\":470,\"caption\":\"Szappanos Winery\"},\"image\":{\"@id\":\"https:\/\/szappanospince.hu\/#\/schema\/logo\/image\/\"}}]}<\/script>\n<!-- \/ Yoast SEO plugin. -->","yoast_head_json":{"title":"Privacy Policy - Szappanos Winery","robots":{"index":"index","follow":"follow","max-snippet":"max-snippet:-1","max-image-preview":"max-image-preview:large","max-video-preview":"max-video-preview:-1"},"canonical":"https:\/\/szappanospince.hu\/en\/adatkezelesi-tajekoztato\/","og_locale":"en_GB","og_type":"article","og_title":"[:en]Privacy Policy[:hu]Adatkezel\u00e9si t\u00e1j\u00e9koztat\u00f3[:] - Szappanos Winery","og_description":"E t\u00e1j\u00e9koztat\u00f3ban fel nem sorolt adatkezel\u00e9sekr\u0151l az adat felv\u00e9telekor adunk t\u00e1j\u00e9koztat\u00e1st. T\u00e1j\u00e9koztatjuk \u00fcgyfeleinket, hogy a b\u00edr\u00f3s\u00e1g, az \u00fcgy\u00e9sz, a nyomoz\u00f3 hat\u00f3s\u00e1g, a szab\u00e1lys\u00e9rt\u00e9si hat\u00f3s\u00e1g, a&hellip;","og_url":"https:\/\/szappanospince.hu\/en\/adatkezelesi-tajekoztato\/","og_site_name":"Szappanos Winery","article_modified_time":"2019-12-20T11:31:15+00:00","twitter_card":"summary_large_image","twitter_misc":{"Estimated reading time":"7 minutes"},"schema":{"@context":"https:\/\/schema.org","@graph":[{"@type":"WebPage","@id":"https:\/\/szappanospince.hu\/adatkezelesi-tajekoztato\/","url":"https:\/\/szappanospince.hu\/adatkezelesi-tajekoztato\/","name":"Privacy Policy","isPartOf":{"@id":"https:\/\/szappanospince.hu\/#website"},"datePublished":"2019-12-11T17:27:57+00:00","dateModified":"2019-12-20T11:31:15+00:00","breadcrumb":{"@id":"https:\/\/szappanospince.hu\/adatkezelesi-tajekoztato\/#breadcrumb"},"inLanguage":"en-GB","potentialAction":[{"@type":"ReadAction","target":["https:\/\/szappanospince.hu\/adatkezelesi-tajekoztato\/"]}]},{"@type":"BreadcrumbList","@id":"https:\/\/szappanospince.hu\/adatkezelesi-tajekoztato\/#breadcrumb","itemListElement":[{"@type":"ListItem","position":1,"name":"Home","item":"https:\/\/szappanospince.hu\/"},{"@type":"ListItem","position":2,"name":"Adatkezel\u00e9si t\u00e1j\u00e9koztat\u00f3"}]},{"@type":"WebSite","@id":"https:\/\/szappanospince.hu\/#website","url":"https:\/\/szappanospince.hu\/","name":"Szappanos Winery","description":"In embrace of the mood and flavors","publisher":{"@id":"https:\/\/szappanospince.hu\/#organization"},"potentialAction":[{"@type":"SearchAction","target":{"@type":"EntryPoint","urlTemplate":"https:\/\/szappanospince.hu\/?s={search_term_string}"},"query-input":{"@type":"PropertyValueSpecification","valueRequired":true,"valueName":"search_term_string"}}],"inLanguage":"en-GB"},{"@type":"Organization","@id":"https:\/\/szappanospince.hu\/#organization","name":"Szappanos Winery","url":"https:\/\/szappanospince.hu\/","logo":{"@type":"ImageObject","inLanguage":"en-GB","@id":"https:\/\/szappanospince.hu\/#\/schema\/logo\/image\/","url":"https:\/\/szappanospince.hu\/wp-content\/uploads\/2025\/02\/logo-uj-web.png","contentUrl":"https:\/\/szappanospince.hu\/wp-content\/uploads\/2025\/02\/logo-uj-web.png","width":946,"height":470,"caption":"Szappanos Winery"},"image":{"@id":"https:\/\/szappanospince.hu\/#\/schema\/logo\/image\/"}}]}},"_links":{"self":[{"href":"https:\/\/szappanospince.hu\/en\/wp-json\/wp\/v2\/pages\/186","targetHints":{"allow":["GET"]}}],"collection":[{"href":"https:\/\/szappanospince.hu\/en\/wp-json\/wp\/v2\/pages"}],"about":[{"href":"https:\/\/szappanospince.hu\/en\/wp-json\/wp\/v2\/types\/page"}],"author":[{"embeddable":true,"href":"https:\/\/szappanospince.hu\/en\/wp-json\/wp\/v2\/users\/1"}],"replies":[{"embeddable":true,"href":"https:\/\/szappanospince.hu\/en\/wp-json\/wp\/v2\/comments?post=186"}],"version-history":[{"count":4,"href":"https:\/\/szappanospince.hu\/en\/wp-json\/wp\/v2\/pages\/186\/revisions"}],"predecessor-version":[{"id":297,"href":"https:\/\/szappanospince.hu\/en\/wp-json\/wp\/v2\/pages\/186\/revisions\/297"}],"wp:attachment":[{"href":"https:\/\/szappanospince.hu\/en\/wp-json\/wp\/v2\/media?parent=186"}],"curies":[{"name":"wp","href":"https:\/\/api.w.org\/{rel}","templated":true}]}}