{"id":177,"date":"2019-12-11T15:53:21","date_gmt":"2019-12-11T14:53:21","guid":{"rendered":"https:\/\/szappanospince.hu\/?page_id=177"},"modified":"2025-03-06T09:41:06","modified_gmt":"2025-03-06T08:41:06","slug":"hirek","status":"publish","type":"page","link":"https:\/\/szappanospince.hu\/en\/hirek\/","title":{"rendered":"News"},"content":{"rendered":"<p>Itt a tavasz! M\u00e1r jav\u00e1ban zajlik a metsz\u00e9s n\u00e1lunk is.<br \/>\nMi sem jobb meg\u00e1llni egy pillanatra egy poh\u00e1r finom olaszrizlinggel, illetve egy kemenc\u00e9ben frissen s\u00fclt kov\u00e1szos keny\u00e9rrel.<br \/>\nGyertek k\u00f3stolj\u00e1tok meg ti is!<\/p>\n\n\n\n<figure class=\"wp-block-gallery has-nested-images columns-default is-cropped wp-block-gallery-1 is-layout-flex wp-block-gallery-is-layout-flex\"><\/figure>\n\n\n\n<figure class=\"wp-block-gallery has-nested-images columns-default is-cropped wp-block-gallery-2 is-layout-flex wp-block-gallery-is-layout-flex\">\n<figure class=\"wp-block-image size-large is-style-default\"><img loading=\"lazy\" decoding=\"async\" width=\"768\" height=\"1024\" data-id=\"656\" src=\"https:\/\/szappanospince.hu\/wp-content\/uploads\/2025\/03\/bfc5b318-cfd7-4d25-a4a6-c66e0c311616-768x1024.jpg\" alt=\"\" class=\"wp-image-656\" srcset=\"https:\/\/szappanospince.hu\/wp-content\/uploads\/2025\/03\/bfc5b318-cfd7-4d25-a4a6-c66e0c311616-768x1024.jpg 768w, https:\/\/szappanospince.hu\/wp-content\/uploads\/2025\/03\/bfc5b318-cfd7-4d25-a4a6-c66e0c311616-225x300.jpg 225w, https:\/\/szappanospince.hu\/wp-content\/uploads\/2025\/03\/bfc5b318-cfd7-4d25-a4a6-c66e0c311616-1152x1536.jpg 1152w, https:\/\/szappanospince.hu\/wp-content\/uploads\/2025\/03\/bfc5b318-cfd7-4d25-a4a6-c66e0c311616.jpg 1536w\" sizes=\"auto, (max-width: 768px) 100vw, 768px\" \/><\/figure>\n<\/figure>\n","protected":false},"excerpt":{"rendered":"","protected":false},"author":1,"featured_media":0,"parent":0,"menu_order":0,"comment_status":"closed","ping_status":"closed","template":"","meta":{"footnotes":""},"class_list":["post-177","page","type-page","status-publish","hentry"],"yoast_head":"<!-- This site is optimized with the Yoast SEO plugin v24.5 - https:\/\/yoast.com\/wordpress\/plugins\/seo\/ -->\n<title>News - Szappanos Winery<\/title>\n<meta name=\"robots\" content=\"index, follow, max-snippet:-1, max-image-preview:large, max-video-preview:-1\" \/>\n<link rel=\"canonical\" href=\"https:\/\/szappanospince.hu\/en\/hirek\/\" \/>\n<meta property=\"og:locale\" content=\"en_GB\" \/>\n<meta property=\"og:locale:alternate\" content=\"hu_HU\" \/>\n<meta property=\"og:type\" content=\"article\" \/>\n<meta property=\"og:title\" content=\"News\" \/>\n<meta property=\"og:url\" content=\"https:\/\/szappanospince.hu\/en\/hirek\/\" \/>\n<meta property=\"og:site_name\" content=\"Szappanos Winery\" \/>\n<meta property=\"article:modified_time\" content=\"2025-03-06T08:41:06+00:00\" \/>\n<meta property=\"og:image\" content=\"https:\/\/szappanospince.hu\/wp-content\/uploads\/2025\/03\/bfc5b318-cfd7-4d25-a4a6-c66e0c311616.jpg\" \/>\n\t<meta property=\"og:image:width\" content=\"1536\" \/>\n\t<meta property=\"og:image:height\" content=\"2048\" \/>\n\t<meta property=\"og:image:type\" content=\"image\/jpeg\" \/>\n<meta name=\"twitter:card\" content=\"summary_large_image\" \/>\n<meta name=\"twitter:label1\" content=\"Estimated reading time\" \/>\n\t<meta name=\"twitter:data1\" content=\"1 minute\" \/>\n<script type=\"application\/ld+json\" class=\"yoast-schema-graph\">{\"@context\":\"https:\/\/schema.org\",\"@graph\":[{\"@type\":\"WebPage\",\"@id\":\"https:\/\/szappanospince.hu\/hirek\/\",\"url\":\"https:\/\/szappanospince.hu\/hirek\/\",\"name\":\"News\",\"isPartOf\":{\"@id\":\"https:\/\/szappanospince.hu\/#website\"},\"primaryImageOfPage\":{\"@id\":\"https:\/\/szappanospince.hu\/hirek\/#primaryimage\"},\"image\":{\"@id\":\"https:\/\/szappanospince.hu\/hirek\/#primaryimage\"},\"thumbnailUrl\":\"https:\/\/szappanospince.hu\/wp-content\/uploads\/2025\/03\/bfc5b318-cfd7-4d25-a4a6-c66e0c311616-768x1024.jpg\",\"datePublished\":\"2019-12-11T14:53:21+00:00\",\"dateModified\":\"2025-03-06T08:41:06+00:00\",\"breadcrumb\":{\"@id\":\"https:\/\/szappanospince.hu\/hirek\/#breadcrumb\"},\"inLanguage\":\"en-GB\",\"potentialAction\":[{\"@type\":\"ReadAction\",\"target\":[\"https:\/\/szappanospince.hu\/hirek\/\"]}]},{\"@type\":\"ImageObject\",\"inLanguage\":\"en-GB\",\"@id\":\"https:\/\/szappanospince.hu\/hirek\/#primaryimage\",\"url\":\"https:\/\/szappanospince.hu\/wp-content\/uploads\/2025\/03\/bfc5b318-cfd7-4d25-a4a6-c66e0c311616-768x1024.jpg\",\"contentUrl\":\"https:\/\/szappanospince.hu\/wp-content\/uploads\/2025\/03\/bfc5b318-cfd7-4d25-a4a6-c66e0c311616-768x1024.jpg\"},{\"@type\":\"BreadcrumbList\",\"@id\":\"https:\/\/szappanospince.hu\/hirek\/#breadcrumb\",\"itemListElement\":[{\"@type\":\"ListItem\",\"position\":1,\"name\":\"Home\",\"item\":\"https:\/\/szappanospince.hu\/\"},{\"@type\":\"ListItem\",\"position\":2,\"name\":\"H\u00edrek\"}]},{\"@type\":\"WebSite\",\"@id\":\"https:\/\/szappanospince.hu\/#website\",\"url\":\"https:\/\/szappanospince.hu\/\",\"name\":\"Szappanos Winery\",\"description\":\"In embrace of the mood and flavors\",\"publisher\":{\"@id\":\"https:\/\/szappanospince.hu\/#organization\"},\"potentialAction\":[{\"@type\":\"SearchAction\",\"target\":{\"@type\":\"EntryPoint\",\"urlTemplate\":\"https:\/\/szappanospince.hu\/?s={search_term_string}\"},\"query-input\":{\"@type\":\"PropertyValueSpecification\",\"valueRequired\":true,\"valueName\":\"search_term_string\"}}],\"inLanguage\":\"en-GB\"},{\"@type\":\"Organization\",\"@id\":\"https:\/\/szappanospince.hu\/#organization\",\"name\":\"Szappanos Winery\",\"url\":\"https:\/\/szappanospince.hu\/\",\"logo\":{\"@type\":\"ImageObject\",\"inLanguage\":\"en-GB\",\"@id\":\"https:\/\/szappanospince.hu\/#\/schema\/logo\/image\/\",\"url\":\"https:\/\/szappanospince.hu\/wp-content\/uploads\/2025\/02\/logo-uj-web.png\",\"contentUrl\":\"https:\/\/szappanospince.hu\/wp-content\/uploads\/2025\/02\/logo-uj-web.png\",\"width\":946,\"height\":470,\"caption\":\"Szappanos Winery\"},\"image\":{\"@id\":\"https:\/\/szappanospince.hu\/#\/schema\/logo\/image\/\"}}]}<\/script>\n<!-- \/ Yoast SEO plugin. -->","yoast_head_json":{"title":"News - Szappanos Winery","robots":{"index":"index","follow":"follow","max-snippet":"max-snippet:-1","max-image-preview":"max-image-preview:large","max-video-preview":"max-video-preview:-1"},"canonical":"https:\/\/szappanospince.hu\/en\/hirek\/","og_locale":"en_GB","og_type":"article","og_title":"[:en]News[:hu]H\u00edrek[:] - Szappanos Winery","og_url":"https:\/\/szappanospince.hu\/en\/hirek\/","og_site_name":"Szappanos Winery","article_modified_time":"2025-03-06T08:41:06+00:00","og_image":[{"width":1536,"height":2048,"url":"https:\/\/szappanospince.hu\/wp-content\/uploads\/2025\/03\/bfc5b318-cfd7-4d25-a4a6-c66e0c311616.jpg","type":"image\/jpeg"}],"twitter_card":"summary_large_image","twitter_misc":{"Estimated reading time":"1 minute"},"schema":{"@context":"https:\/\/schema.org","@graph":[{"@type":"WebPage","@id":"https:\/\/szappanospince.hu\/hirek\/","url":"https:\/\/szappanospince.hu\/hirek\/","name":"News","isPartOf":{"@id":"https:\/\/szappanospince.hu\/#website"},"primaryImageOfPage":{"@id":"https:\/\/szappanospince.hu\/hirek\/#primaryimage"},"image":{"@id":"https:\/\/szappanospince.hu\/hirek\/#primaryimage"},"thumbnailUrl":"https:\/\/szappanospince.hu\/wp-content\/uploads\/2025\/03\/bfc5b318-cfd7-4d25-a4a6-c66e0c311616-768x1024.jpg","datePublished":"2019-12-11T14:53:21+00:00","dateModified":"2025-03-06T08:41:06+00:00","breadcrumb":{"@id":"https:\/\/szappanospince.hu\/hirek\/#breadcrumb"},"inLanguage":"en-GB","potentialAction":[{"@type":"ReadAction","target":["https:\/\/szappanospince.hu\/hirek\/"]}]},{"@type":"ImageObject","inLanguage":"en-GB","@id":"https:\/\/szappanospince.hu\/hirek\/#primaryimage","url":"https:\/\/szappanospince.hu\/wp-content\/uploads\/2025\/03\/bfc5b318-cfd7-4d25-a4a6-c66e0c311616-768x1024.jpg","contentUrl":"https:\/\/szappanospince.hu\/wp-content\/uploads\/2025\/03\/bfc5b318-cfd7-4d25-a4a6-c66e0c311616-768x1024.jpg"},{"@type":"BreadcrumbList","@id":"https:\/\/szappanospince.hu\/hirek\/#breadcrumb","itemListElement":[{"@type":"ListItem","position":1,"name":"Home","item":"https:\/\/szappanospince.hu\/"},{"@type":"ListItem","position":2,"name":"H\u00edrek"}]},{"@type":"WebSite","@id":"https:\/\/szappanospince.hu\/#website","url":"https:\/\/szappanospince.hu\/","name":"Szappanos Winery","description":"In embrace of the mood and flavors","publisher":{"@id":"https:\/\/szappanospince.hu\/#organization"},"potentialAction":[{"@type":"SearchAction","target":{"@type":"EntryPoint","urlTemplate":"https:\/\/szappanospince.hu\/?s={search_term_string}"},"query-input":{"@type":"PropertyValueSpecification","valueRequired":true,"valueName":"search_term_string"}}],"inLanguage":"en-GB"},{"@type":"Organization","@id":"https:\/\/szappanospince.hu\/#organization","name":"Szappanos Winery","url":"https:\/\/szappanospince.hu\/","logo":{"@type":"ImageObject","inLanguage":"en-GB","@id":"https:\/\/szappanospince.hu\/#\/schema\/logo\/image\/","url":"https:\/\/szappanospince.hu\/wp-content\/uploads\/2025\/02\/logo-uj-web.png","contentUrl":"https:\/\/szappanospince.hu\/wp-content\/uploads\/2025\/02\/logo-uj-web.png","width":946,"height":470,"caption":"Szappanos Winery"},"image":{"@id":"https:\/\/szappanospince.hu\/#\/schema\/logo\/image\/"}}]}},"_links":{"self":[{"href":"https:\/\/szappanospince.hu\/en\/wp-json\/wp\/v2\/pages\/177","targetHints":{"allow":["GET"]}}],"collection":[{"href":"https:\/\/szappanospince.hu\/en\/wp-json\/wp\/v2\/pages"}],"about":[{"href":"https:\/\/szappanospince.hu\/en\/wp-json\/wp\/v2\/types\/page"}],"author":[{"embeddable":true,"href":"https:\/\/szappanospince.hu\/en\/wp-json\/wp\/v2\/users\/1"}],"replies":[{"embeddable":true,"href":"https:\/\/szappanospince.hu\/en\/wp-json\/wp\/v2\/comments?post=177"}],"version-history":[{"count":10,"href":"https:\/\/szappanospince.hu\/en\/wp-json\/wp\/v2\/pages\/177\/revisions"}],"predecessor-version":[{"id":661,"href":"https:\/\/szappanospince.hu\/en\/wp-json\/wp\/v2\/pages\/177\/revisions\/661"}],"wp:attachment":[{"href":"https:\/\/szappanospince.hu\/en\/wp-json\/wp\/v2\/media?parent=177"}],"curies":[{"name":"wp","href":"https:\/\/api.w.org\/{rel}","templated":true}]}}